{"id":10709,"date":"2014-11-19T15:14:03","date_gmt":"2014-11-19T15:14:03","guid":{"rendered":"http:\/\/avada.theme-fusion.comxml\/?page_id=10709"},"modified":"2022-03-07T15:45:58","modified_gmt":"2022-03-07T14:45:58","slug":"home","status":"publish","type":"page","link":"https:\/\/sin.sviluppoyesicode.it\/trasparenza\/","title":{"rendered":"Home"},"content":{"rendered":"<p>Il sito del comune di Comune di\u00a0 nel rispetto delle direttive del codice dell\u2019Amministrazione Digitale contiene informazioni relative all&#8217;operato della Pubblica Amministrazione che rispecchiano i criteri di usabilit\u00e0 e reperibilit\u00e0, completezza di informazione, chiarezza di linguaggio, affidabilit\u00e0, semplicit\u00e0 di consultazione, qualit\u00e0, omogeneit\u00e0 ed interoperabilit\u00e0.<\/p>\n","protected":false},"excerpt":{"rendered":"<p>Il sito del comune di Comune di\u00a0 nel rispetto delle direttive del codice dell\u2019Amministrazione Digitale contiene informazioni relative all&#8217;operato della Pubblica Amministrazione che rispecchiano i criteri di usabilit\u00e0 e reperibilit\u00e0, [&hellip;]<\/p>\n","protected":false},"author":1,"featured_media":0,"parent":0,"menu_order":0,"comment_status":"closed","ping_status":"closed","template":"","meta":[],"_links":{"self":[{"href":"https:\/\/sin.sviluppoyesicode.it\/trasparenza\/wp-json\/wp\/v2\/pages\/10709"}],"collection":[{"href":"https:\/\/sin.sviluppoyesicode.it\/trasparenza\/wp-json\/wp\/v2\/pages"}],"about":[{"href":"https:\/\/sin.sviluppoyesicode.it\/trasparenza\/wp-json\/wp\/v2\/types\/page"}],"author":[{"embeddable":true,"href":"https:\/\/sin.sviluppoyesicode.it\/trasparenza\/wp-json\/wp\/v2\/users\/1"}],"replies":[{"embeddable":true,"href":"https:\/\/sin.sviluppoyesicode.it\/trasparenza\/wp-json\/wp\/v2\/comments?post=10709"}],"version-history":[{"count":2,"href":"https:\/\/sin.sviluppoyesicode.it\/trasparenza\/wp-json\/wp\/v2\/pages\/10709\/revisions"}],"predecessor-version":[{"id":16723,"href":"https:\/\/sin.sviluppoyesicode.it\/trasparenza\/wp-json\/wp\/v2\/pages\/10709\/revisions\/16723"}],"wp:attachment":[{"href":"https:\/\/sin.sviluppoyesicode.it\/trasparenza\/wp-json\/wp\/v2\/media?parent=10709"}],"curies":[{"name":"wp","href":"https:\/\/api.w.org\/{rel}","templated":true}]}}